{"id":2,"date":"2020-02-12T18:33:21","date_gmt":"2020-02-12T17:33:21","guid":{"rendered":"http:\/\/beaumov.cluster024.hosting.ovh.net\/?page_id=2"},"modified":"2021-03-08T16:32:16","modified_gmt":"2021-03-08T15:32:16","slug":"qui-sommes-nous","status":"publish","type":"page","link":"https:\/\/beaumontenfetes.fr\/index.php\/qui-sommes-nous\/","title":{"rendered":"Qui sommes-nous ?"},"content":{"rendered":"\n<div class=\"wp-block-cover aligncenter\" style=\"background-image:url(https:\/\/beaumontenfetes.fr\/wp-content\/uploads\/2021\/03\/IMG_5115-scaled.jpg);background-position:41% 55%\"><div class=\"wp-block-cover__inner-container is-layout-flow wp-block-cover-is-layout-flow\">\n<p class=\"has-text-align-center has-large-font-size\"><\/p>\n<\/div><\/div>\n\n\n\n<div style=\"height:50px\" aria-hidden=\"true\" class=\"wp-block-spacer\"><\/div>\n\n\n\n<p><strong>Nous sommes une association r\u00e9gie par la loi 1901.<\/strong> <\/p>\n\n\n\n<p>Tous les membres du Conseil d\u2019administration et du bureau sont b\u00e9n\u00e9voles. <\/p>\n\n\n\n<p>Nous sommes une \u00e9quipe dynamique et soud\u00e9e, compos\u00e9e de femmes et d\u2019hommes, salari\u00e9s ou retrait\u00e9s, donnant du mieux que possible beaucoup de leur temps libre pour animer un certain nombre d\u2019\u00e9v\u00e9nements sur notre belle commune de Beaumont sur Oise, dans un esprit de convivialit\u00e9. <\/p>\n\n\n\n<p>Notre conseil d\u2019administration est compos\u00e9 de 9 personnes. <\/p>\n\n\n\n<p><strong>Bureau&nbsp;:<\/strong><br><br><strong>Pr\u00e9sident<\/strong>&nbsp;: Richard TKACZ<br><strong>Tr\u00e9sorier<\/strong>&nbsp;: G\u00e9rard LEFEVRE <br><strong>Secr\u00e9taires<\/strong>&nbsp;: Christiane et Jean-Pierre THAVARD <\/p>\n\n\n\n<div style=\"height:20px\" aria-hidden=\"true\" class=\"wp-block-spacer\"><\/div>\n\n\n\n<hr class=\"wp-block-separator has-text-color has-background has-pale-cyan-blue-background-color has-pale-cyan-blue-color is-style-wide\"\/>\n\n\n\n<div style=\"height:20px\" aria-hidden=\"true\" class=\"wp-block-spacer\"><\/div>\n\n\n\n<p>Notre engagement&nbsp;: <strong>Organisation d\u2019\u00e9v\u00e9nements festifs et culturels \u00e0 Beaumont-sur-Oise<\/strong>&nbsp;(Brocante, Chasse aux \u0153ufs \u00e0 P\u00e2ques pour les enfants, F\u00eate de la Musique, March\u00e9 des Producteurs, restauration rapide lors de manifestations communales, participation active \u00e0 la vie de la commune).  <\/p>\n\n\n\n<blockquote class=\"wp-block-quote is-style-default is-layout-flow wp-block-quote-is-layout-flow\"><p><em>Nous sommes toujours en recherche de b\u00e9n\u00e9voles pour venir \u00e9pauler l\u2019\u00e9quipe actuelle. Si vous le souhaitez, vous pouvez nous contacter (voir nos coordonn\u00e9es ci-dessous), vous \u00eates les bienvenus.<\/em><br><br><em>Le Pr\u00e9sident<\/em><br><strong>Richard TKACZ<\/strong> <\/p><\/blockquote>\n\n\n\n<p><\/p>\n","protected":false},"excerpt":{"rendered":"<p>Nous sommes une association r&eacute;gie par la loi 1901. Tous les membres du Conseil d&rsquo;administration et du bureau sont b&eacute;n&eacute;voles. Nous sommes une &eacute;quipe dynamique et soud&eacute;e, compos&eacute;e de femmes et d&rsquo;hommes, salari&eacute;s ou retrait&eacute;s, donnant du mieux que possible beaucoup de leur temps libre pour animer un certain nombre d&rsquo;&eacute;v&eacute;nements sur notre belle commune [&hellip;]<\/p>\n","protected":false},"author":1,"featured_media":0,"parent":0,"menu_order":1,"comment_status":"closed","ping_status":"closed","template":"","meta":{"cybocfi_hide_featured_image":"","footnotes":""},"class_list":["post-2","page","type-page","status-publish","hentry","entry"],"_links":{"self":[{"href":"https:\/\/beaumontenfetes.fr\/index.php\/wp-json\/wp\/v2\/pages\/2","targetHints":{"allow":["GET"]}}],"collection":[{"href":"https:\/\/beaumontenfetes.fr\/index.php\/wp-json\/wp\/v2\/pages"}],"about":[{"href":"https:\/\/beaumontenfetes.fr\/index.php\/wp-json\/wp\/v2\/types\/page"}],"author":[{"embeddable":true,"href":"https:\/\/beaumontenfetes.fr\/index.php\/wp-json\/wp\/v2\/users\/1"}],"replies":[{"embeddable":true,"href":"https:\/\/beaumontenfetes.fr\/index.php\/wp-json\/wp\/v2\/comments?post=2"}],"version-history":[{"count":10,"href":"https:\/\/beaumontenfetes.fr\/index.php\/wp-json\/wp\/v2\/pages\/2\/revisions"}],"predecessor-version":[{"id":131,"href":"https:\/\/beaumontenfetes.fr\/index.php\/wp-json\/wp\/v2\/pages\/2\/revisions\/131"}],"wp:attachment":[{"href":"https:\/\/beaumontenfetes.fr\/index.php\/wp-json\/wp\/v2\/media?parent=2"}],"curies":[{"name":"wp","href":"https:\/\/api.w.org\/{rel}","templated":true}]}}